{"id":2958,"date":"2021-03-22T17:57:26","date_gmt":"2021-03-22T16:57:26","guid":{"rendered":"https:\/\/www.amelinecreation.com\/?page_id=2958"},"modified":"2021-03-22T18:29:40","modified_gmt":"2021-03-22T17:29:40","slug":"about-me","status":"publish","type":"page","link":"https:\/\/www.amelinecreation.com\/index.php\/about-me\/","title":{"rendered":"About me"},"content":{"rendered":"\t\t<div data-elementor-type=\"wp-page\" data-elementor-id=\"2958\" class=\"elementor elementor-2958\" data-elementor-settings=\"[]\">\n\t\t\t\t\t\t<div class=\"elementor-inner\">\n\t\t\t\t\t\t\t<div class=\"elementor-section-wrap\">\n\t\t\t\t\t\t\t<section class=\"elementor-section elementor-top-section elementor-element elementor-element-d5f499d elementor-section-boxed elementor-section-height-default elementor-section-height-default\" data-id=\"d5f499d\" data-element_type=\"section\">\n\t\t\t\t\t\t<div class=\"elementor-container elementor-column-gap-default\">\n\t\t\t\t\t\t\t<div class=\"elementor-row\">\n\t\t\t\t\t<div class=\"elementor-column elementor-col-33 elementor-top-column elementor-element elementor-element-c9ba52d\" data-id=\"c9ba52d\" data-element_type=\"column\">\n\t\t\t<div class=\"elementor-column-wrap elementor-element-populated\">\n\t\t\t\t\t\t\t<div class=\"elementor-widget-wrap\">\n\t\t\t\t\t\t<div class=\"elementor-element elementor-element-73c1245 elementor-widget elementor-widget-spacer\" data-id=\"73c1245\" data-element_type=\"widget\" data-widget_type=\"spacer.default\">\n\t\t\t\t<div class=\"elementor-widget-container\">\n\t\t\t\t\t<div class=\"elementor-spacer\">\n\t\t\t<div class=\"elementor-spacer-inner\"><\/div>\n\t\t<\/div>\n\t\t\t\t<\/div>\n\t\t\t\t<\/div>\n\t\t\t\t<div class=\"elementor-element elementor-element-33f0811 elementor-widget elementor-widget-heading\" data-id=\"33f0811\" data-element_type=\"widget\" data-widget_type=\"heading.default\">\n\t\t\t\t<div class=\"elementor-widget-container\">\n\t\t\t<h2 class=\"elementor-heading-title elementor-size-xxl\">La mia storia...<\/h2>\t\t<\/div>\n\t\t\t\t<\/div>\n\t\t\t\t<div class=\"elementor-element elementor-element-fe8f593 elementor-widget elementor-widget-spacer\" data-id=\"fe8f593\" data-element_type=\"widget\" data-widget_type=\"spacer.default\">\n\t\t\t\t<div class=\"elementor-widget-container\">\n\t\t\t\t\t<div class=\"elementor-spacer\">\n\t\t\t<div class=\"elementor-spacer-inner\"><\/div>\n\t\t<\/div>\n\t\t\t\t<\/div>\n\t\t\t\t<\/div>\n\t\t\t\t<div class=\"elementor-element elementor-element-a71a5d3 elementor-widget elementor-widget-heading\" data-id=\"a71a5d3\" data-element_type=\"widget\" data-widget_type=\"heading.default\">\n\t\t\t\t<div class=\"elementor-widget-container\">\n\t\t\t<h2 class=\"elementor-heading-title elementor-size-medium\">Creativa per natura<\/h2>\t\t<\/div>\n\t\t\t\t<\/div>\n\t\t\t\t<div class=\"elementor-element elementor-element-7433ef3 elementor-widget elementor-widget-text-editor\" data-id=\"7433ef3\" data-element_type=\"widget\" data-widget_type=\"text-editor.default\">\n\t\t\t\t<div class=\"elementor-widget-container\">\n\t\t\t\t\t<div class=\"elementor-text-editor elementor-clearfix\"><p class=\"font_8\">Quando uno nasce \u201ctondo\u201d, si dice, difficilmente muore \u201cquadrato\u201d; io ne sono un esempio! La mia indole \u00e8 sempre stata quella del creativo. Incuriosita dalle arti manuali, la fantasia \u00e8 sempre stata il mio pane quotidiano. Non mi sono mai fermata. Cos\u00ec, tra qualche concorso vinto ai tempi della scuola e qualche lavoretto di pura fantasia, mi sono fatta apprezzare sin dai primi anni\u2026<\/p><\/div>\n\t\t\t\t<\/div>\n\t\t\t\t<\/div>\n\t\t\t\t\t\t<\/div>\n\t\t\t\t\t<\/div>\n\t\t<\/div>\n\t\t\t\t<div class=\"elementor-column elementor-col-33 elementor-top-column elementor-element elementor-element-f71a7de\" data-id=\"f71a7de\" data-element_type=\"column\">\n\t\t\t<div class=\"elementor-column-wrap\">\n\t\t\t\t\t\t\t<div class=\"elementor-widget-wrap\">\n\t\t\t\t\t\t\t\t<\/div>\n\t\t\t\t\t<\/div>\n\t\t<\/div>\n\t\t\t\t<div class=\"elementor-column elementor-col-33 elementor-top-column elementor-element elementor-element-bdb67d1\" data-id=\"bdb67d1\" data-element_type=\"column\">\n\t\t\t<div class=\"elementor-column-wrap elementor-element-populated\">\n\t\t\t\t\t\t\t<div class=\"elementor-widget-wrap\">\n\t\t\t\t\t\t<div class=\"elementor-element elementor-element-9123a88 elementor-widget elementor-widget-image\" data-id=\"9123a88\" data-element_type=\"widget\" data-widget_type=\"image.default\">\n\t\t\t\t<div class=\"elementor-widget-container\">\n\t\t\t\t\t<div class=\"elementor-image\">\n\t\t\t\t\t\t\t\t\t\t<img width=\"2560\" height=\"2560\" src=\"https:\/\/www.amelinecreation.com\/wp-content\/uploads\/2021\/03\/AME_QU-scaled.jpg\" class=\"attachment-full size-full\" alt=\"\" loading=\"lazy\" srcset=\"https:\/\/www.amelinecreation.com\/wp-content\/uploads\/2021\/03\/AME_QU-scaled.jpg 2560w, https:\/\/www.amelinecreation.com\/wp-content\/uploads\/2021\/03\/AME_QU-300x300.jpg 300w, https:\/\/www.amelinecreation.com\/wp-content\/uploads\/2021\/03\/AME_QU-1024x1024.jpg 1024w, https:\/\/www.amelinecreation.com\/wp-content\/uploads\/2021\/03\/AME_QU-150x150.jpg 150w, https:\/\/www.amelinecreation.com\/wp-content\/uploads\/2021\/03\/AME_QU-768x768.jpg 768w, https:\/\/www.amelinecreation.com\/wp-content\/uploads\/2021\/03\/AME_QU-1536x1536.jpg 1536w, https:\/\/www.amelinecreation.com\/wp-content\/uploads\/2021\/03\/AME_QU-2048x2048.jpg 2048w\" sizes=\"(max-width: 2560px) 100vw, 2560px\" \/>\t\t\t\t\t\t\t\t\t\t\t<\/div>\n\t\t\t\t<\/div>\n\t\t\t\t<\/div>\n\t\t\t\t\t\t<\/div>\n\t\t\t\t\t<\/div>\n\t\t<\/div>\n\t\t\t\t\t\t\t\t<\/div>\n\t\t\t\t\t<\/div>\n\t\t<\/section>\n\t\t\t\t<section class=\"elementor-section elementor-top-section elementor-element elementor-element-cefc462 elementor-section-boxed elementor-section-height-default elementor-section-height-default\" data-id=\"cefc462\" data-element_type=\"section\">\n\t\t\t\t\t\t<div class=\"elementor-container elementor-column-gap-default\">\n\t\t\t\t\t\t\t<div class=\"elementor-row\">\n\t\t\t\t\t<div class=\"elementor-column elementor-col-100 elementor-top-column elementor-element elementor-element-87d7359\" data-id=\"87d7359\" data-element_type=\"column\">\n\t\t\t<div class=\"elementor-column-wrap elementor-element-populated\">\n\t\t\t\t\t\t\t<div class=\"elementor-widget-wrap\">\n\t\t\t\t\t\t<div class=\"elementor-element elementor-element-651f9be elementor-widget elementor-widget-heading\" data-id=\"651f9be\" data-element_type=\"widget\" data-widget_type=\"heading.default\">\n\t\t\t\t<div class=\"elementor-widget-container\">\n\t\t\t<h2 class=\"elementor-heading-title elementor-size-medium\">Grafica per professione<\/h2>\t\t<\/div>\n\t\t\t\t<\/div>\n\t\t\t\t\t\t<\/div>\n\t\t\t\t\t<\/div>\n\t\t<\/div>\n\t\t\t\t\t\t\t\t<\/div>\n\t\t\t\t\t<\/div>\n\t\t<\/section>\n\t\t\t\t<section class=\"elementor-section elementor-top-section elementor-element elementor-element-f4376ce elementor-section-boxed elementor-section-height-default elementor-section-height-default\" data-id=\"f4376ce\" data-element_type=\"section\">\n\t\t\t\t\t\t<div class=\"elementor-container elementor-column-gap-default\">\n\t\t\t\t\t\t\t<div class=\"elementor-row\">\n\t\t\t\t\t<div class=\"elementor-column elementor-col-100 elementor-top-column elementor-element elementor-element-8037f9e\" data-id=\"8037f9e\" data-element_type=\"column\">\n\t\t\t<div class=\"elementor-column-wrap elementor-element-populated\">\n\t\t\t\t\t\t\t<div class=\"elementor-widget-wrap\">\n\t\t\t\t\t\t<div class=\"elementor-element elementor-element-17da76f elementor-widget elementor-widget-text-editor\" data-id=\"17da76f\" data-element_type=\"widget\" data-widget_type=\"text-editor.default\">\n\t\t\t\t<div class=\"elementor-widget-container\">\n\t\t\t\t\t<div class=\"elementor-text-editor elementor-clearfix\"><p>Ho studiato come Graphic Designer all\u2019<em>Istituto Europeo di Design di Roma<\/em>. Per tanti anni ho lavorato in varie agenzie di comunicazione della Capitale. Tutto questo finch\u00e9, un giorno, mi imbattei in quello che sarebbe stato il mio futuro marito, nonch\u00e9 padre delle mie bimbe; decisi di lasciare il lavoro e la mia amatissima \u201cvita romana\u201d, per far rientro alla mia citt\u00e0 di origine\u2026 Reggio Calabria. Tornata gi\u00f9, dove purtroppo di opportunit\u00e0 nel settore del design non c\u2019era traccia, iniziai una nuova vita e un nuovo lavoro, lontano ahim\u00e8 dal mondo dell\u2019arte e della creativit\u00e0. Di l\u00ec a breve, proprio quando la routine delle giornate d\u2019ufficio iniziava a soffocarmi, scoprii per caso una vecchia macchina da cucire di mia madre, praticamente mai usata; e all\u2019improvviso ecco scoccare di nuovo la scintilla\u2026.<\/p><\/div>\n\t\t\t\t<\/div>\n\t\t\t\t<\/div>\n\t\t\t\t\t\t<\/div>\n\t\t\t\t\t<\/div>\n\t\t<\/div>\n\t\t\t\t\t\t\t\t<\/div>\n\t\t\t\t\t<\/div>\n\t\t<\/section>\n\t\t\t\t<section class=\"elementor-section elementor-top-section elementor-element elementor-element-932544c elementor-section-boxed elementor-section-height-default elementor-section-height-default\" data-id=\"932544c\" data-element_type=\"section\">\n\t\t\t\t\t\t<div class=\"elementor-container elementor-column-gap-default\">\n\t\t\t\t\t\t\t<div class=\"elementor-row\">\n\t\t\t\t\t<div class=\"elementor-column elementor-col-100 elementor-top-column elementor-element elementor-element-0411884\" data-id=\"0411884\" data-element_type=\"column\">\n\t\t\t<div class=\"elementor-column-wrap elementor-element-populated\">\n\t\t\t\t\t\t\t<div class=\"elementor-widget-wrap\">\n\t\t\t\t\t\t<div class=\"elementor-element elementor-element-e911b23 elementor-widget elementor-widget-heading\" data-id=\"e911b23\" data-element_type=\"widget\" data-widget_type=\"heading.default\">\n\t\t\t\t<div class=\"elementor-widget-container\">\n\t\t\t<h2 class=\"elementor-heading-title elementor-size-medium\">Cucito per passione<\/h2>\t\t<\/div>\n\t\t\t\t<\/div>\n\t\t\t\t\t\t<\/div>\n\t\t\t\t\t<\/div>\n\t\t<\/div>\n\t\t\t\t\t\t\t\t<\/div>\n\t\t\t\t\t<\/div>\n\t\t<\/section>\n\t\t\t\t<section class=\"elementor-section elementor-top-section elementor-element elementor-element-3a34500 elementor-section-boxed elementor-section-height-default elementor-section-height-default\" data-id=\"3a34500\" data-element_type=\"section\">\n\t\t\t\t\t\t<div class=\"elementor-container elementor-column-gap-default\">\n\t\t\t\t\t\t\t<div class=\"elementor-row\">\n\t\t\t\t\t<div class=\"elementor-column elementor-col-100 elementor-top-column elementor-element elementor-element-3437ab8\" data-id=\"3437ab8\" data-element_type=\"column\">\n\t\t\t<div class=\"elementor-column-wrap elementor-element-populated\">\n\t\t\t\t\t\t\t<div class=\"elementor-widget-wrap\">\n\t\t\t\t\t\t<div class=\"elementor-element elementor-element-f2ec583 elementor-widget elementor-widget-text-editor\" data-id=\"f2ec583\" data-element_type=\"widget\" data-widget_type=\"text-editor.default\">\n\t\t\t\t<div class=\"elementor-widget-container\">\n\t\t\t\t\t<div class=\"elementor-text-editor elementor-clearfix\"><p class=\"font_8\">Senza immaginare che sarei arrivata fino a qui, iniziai ad addentrarmi in questo nuovo mondo. Tra tutorial e qualche piccola dose di fantasia, creai i primi pezzi per le mie figlie e per i figli dei miei amici. Questi lavori iniziavano a darmi sempre pi\u00f9 soddisfazione. Cercavo ogni giorno di migliorarmi e perfezionarmi, fino a quando decisi che era arrivato il momento di acquistare una macchina pi\u00f9 professionale, che mi desse la possibilit\u00e0 di fare anche i ricami. Niente mi fermava pi\u00f9; come una droga non facevo altro che cucire\u2026 cucire e cucire. Ogni scusa era buona per fare un regalo \u201chandmade\u201d\u2026 finch\u00e9, spinta da tutti, e dico proprio tutti, non realizzai il mio sogno: creare il mio piccolo marchio e uscire allo scoperto. In poco tempo il mondo di Facebook mi avvolse di LIKE\u2026 ed, inutile dirlo, questa parola \u201cmi piace\u201d da matti. I contatti aumentavano e le richieste pure; insomma, nel giro di breve tempo le mie piccole creazioni iniziarono a girare su e gi\u00f9 per l\u2019Italia: una grandissima soddisfazione, che non ha nessun prezzo a pagare.<\/p><p class=\"font_8\"><span class=\"wixGuard\">\u200b<\/span><\/p><\/div>\n\t\t\t\t<\/div>\n\t\t\t\t<\/div>\n\t\t\t\t\t\t<\/div>\n\t\t\t\t\t<\/div>\n\t\t<\/div>\n\t\t\t\t\t\t\t\t<\/div>\n\t\t\t\t\t<\/div>\n\t\t<\/section>\n\t\t\t\t<section class=\"elementor-section elementor-top-section elementor-element elementor-element-73d194a elementor-section-boxed elementor-section-height-default elementor-section-height-default\" data-id=\"73d194a\" data-element_type=\"section\">\n\t\t\t\t\t\t<div class=\"elementor-container elementor-column-gap-default\">\n\t\t\t\t\t\t\t<div class=\"elementor-row\">\n\t\t\t\t\t<div class=\"elementor-column elementor-col-100 elementor-top-column elementor-element elementor-element-aea989b\" data-id=\"aea989b\" data-element_type=\"column\">\n\t\t\t<div class=\"elementor-column-wrap elementor-element-populated\">\n\t\t\t\t\t\t\t<div class=\"elementor-widget-wrap\">\n\t\t\t\t\t\t<div class=\"elementor-element elementor-element-f4d3f2d elementor-widget elementor-widget-heading\" data-id=\"f4d3f2d\" data-element_type=\"widget\" data-widget_type=\"heading.default\">\n\t\t\t\t<div class=\"elementor-widget-container\">\n\t\t\t<h2 class=\"elementor-heading-title elementor-size-default\">Amelia Sandicchi<\/h2>\t\t<\/div>\n\t\t\t\t<\/div>\n\t\t\t\t\t\t<\/div>\n\t\t\t\t\t<\/div>\n\t\t<\/div>\n\t\t\t\t\t\t\t\t<\/div>\n\t\t\t\t\t<\/div>\n\t\t<\/section>\n\t\t\t\t\t\t<\/div>\n\t\t\t\t\t\t<\/div>\n\t\t\t\t\t<\/div>\n\t\t","protected":false},"excerpt":{"rendered":"<p>La mia storia&#8230; Creativa per natura Quando uno nasce \u201ctondo\u201d, si dice, difficilmente muore \u201cquadrato\u201d; io ne sono un esempio! La mia indole \u00e8 sempre stata quella del creativo. Incuriosita dalle arti manuali, la fantasia \u00e8 sempre stata il mio pane quotidiano. Non mi sono mai fermata. Cos\u00ec, tra qualche concorso vinto ai tempi della &hellip;<\/p>\n<p class=\"read-more\"> <a class=\"\" href=\"https:\/\/www.amelinecreation.com\/index.php\/about-me\/\"> <span class=\"screen-reader-text\">About me<\/span> Leggi altro &raquo;<\/a><\/p>\n","protected":false},"author":1,"featured_media":0,"parent":0,"menu_order":0,"comment_status":"closed","ping_status":"closed","template":"","meta":[],"_links":{"self":[{"href":"https:\/\/www.amelinecreation.com\/index.php\/wp-json\/wp\/v2\/pages\/2958"}],"collection":[{"href":"https:\/\/www.amelinecreation.com\/index.php\/wp-json\/wp\/v2\/pages"}],"about":[{"href":"https:\/\/www.amelinecreation.com\/index.php\/wp-json\/wp\/v2\/types\/page"}],"author":[{"embeddable":true,"href":"https:\/\/www.amelinecreation.com\/index.php\/wp-json\/wp\/v2\/users\/1"}],"replies":[{"embeddable":true,"href":"https:\/\/www.amelinecreation.com\/index.php\/wp-json\/wp\/v2\/comments?post=2958"}],"version-history":[{"count":19,"href":"https:\/\/www.amelinecreation.com\/index.php\/wp-json\/wp\/v2\/pages\/2958\/revisions"}],"predecessor-version":[{"id":2980,"href":"https:\/\/www.amelinecreation.com\/index.php\/wp-json\/wp\/v2\/pages\/2958\/revisions\/2980"}],"wp:attachment":[{"href":"https:\/\/www.amelinecreation.com\/index.php\/wp-json\/wp\/v2\/media?parent=2958"}],"curies":[{"name":"wp","href":"https:\/\/api.w.org\/{rel}","templated":true}]}}