{"id":478,"date":"2021-01-11T13:36:02","date_gmt":"2021-01-11T12:36:02","guid":{"rendered":"https:\/\/www.amelinecreation.com\/?page_id=478"},"modified":"2021-04-07T11:09:18","modified_gmt":"2021-04-07T09:09:18","slug":"bavette-bandana","status":"publish","type":"page","link":"https:\/\/www.amelinecreation.com\/index.php\/bavette-bandana\/","title":{"rendered":"Bavetta &#8211; Bandana"},"content":{"rendered":"\t\t<div data-elementor-type=\"wp-page\" data-elementor-id=\"478\" class=\"elementor elementor-478\" data-elementor-settings=\"[]\">\n\t\t\t\t\t\t<div class=\"elementor-inner\">\n\t\t\t\t\t\t\t<div class=\"elementor-section-wrap\">\n\t\t\t\t\t\t\t<section class=\"elementor-section elementor-top-section elementor-element elementor-element-6e71760 elementor-section-boxed elementor-section-height-default elementor-section-height-default\" data-id=\"6e71760\" data-element_type=\"section\">\n\t\t\t\t\t\t<div class=\"elementor-container elementor-column-gap-default\">\n\t\t\t\t\t\t\t<div class=\"elementor-row\">\n\t\t\t\t\t<div class=\"elementor-column elementor-col-100 elementor-top-column elementor-element elementor-element-f67dee4\" data-id=\"f67dee4\" data-element_type=\"column\">\n\t\t\t<div class=\"elementor-column-wrap elementor-element-populated\">\n\t\t\t\t\t\t\t<div class=\"elementor-widget-wrap\">\n\t\t\t\t\t\t<section class=\"elementor-section elementor-inner-section elementor-element elementor-element-768be53 elementor-section-boxed elementor-section-height-default elementor-section-height-default\" data-id=\"768be53\" data-element_type=\"section\">\n\t\t\t\t\t\t<div class=\"elementor-container elementor-column-gap-default\">\n\t\t\t\t\t\t\t<div class=\"elementor-row\">\n\t\t\t\t\t<div class=\"elementor-column elementor-col-100 elementor-inner-column elementor-element elementor-element-64ea43e\" data-id=\"64ea43e\" data-element_type=\"column\">\n\t\t\t<div class=\"elementor-column-wrap elementor-element-populated\">\n\t\t\t\t\t\t\t<div class=\"elementor-widget-wrap\">\n\t\t\t\t\t\t<div class=\"elementor-element elementor-element-8f84e56 elementor-widget elementor-widget-heading\" data-id=\"8f84e56\" data-element_type=\"widget\" data-widget_type=\"heading.default\">\n\t\t\t\t<div class=\"elementor-widget-container\">\n\t\t\t<h2 class=\"elementor-heading-title elementor-size-default\">Bavetta - Bandana<\/h2>\t\t<\/div>\n\t\t\t\t<\/div>\n\t\t\t\t\t\t<\/div>\n\t\t\t\t\t<\/div>\n\t\t<\/div>\n\t\t\t\t\t\t\t\t<\/div>\n\t\t\t\t\t<\/div>\n\t\t<\/section>\n\t\t\t\t\t\t<\/div>\n\t\t\t\t\t<\/div>\n\t\t<\/div>\n\t\t\t\t\t\t\t\t<\/div>\n\t\t\t\t\t<\/div>\n\t\t<\/section>\n\t\t\t\t<section class=\"elementor-section elementor-top-section elementor-element elementor-element-190e361 elementor-section-boxed elementor-section-height-default elementor-section-height-default\" data-id=\"190e361\" data-element_type=\"section\">\n\t\t\t\t\t\t<div class=\"elementor-container elementor-column-gap-default\">\n\t\t\t\t\t\t\t<div class=\"elementor-row\">\n\t\t\t\t\t<div class=\"elementor-column elementor-col-100 elementor-top-column elementor-element elementor-element-3fc6ec4\" data-id=\"3fc6ec4\" data-element_type=\"column\">\n\t\t\t<div class=\"elementor-column-wrap elementor-element-populated\">\n\t\t\t\t\t\t\t<div class=\"elementor-widget-wrap\">\n\t\t\t\t\t\t<section class=\"elementor-section elementor-inner-section elementor-element elementor-element-fbf78e9 elementor-section-boxed elementor-section-height-default elementor-section-height-default\" data-id=\"fbf78e9\" data-element_type=\"section\">\n\t\t\t\t\t\t<div class=\"elementor-container elementor-column-gap-default\">\n\t\t\t\t\t\t\t<div class=\"elementor-row\">\n\t\t\t\t\t<div class=\"elementor-column elementor-col-100 elementor-inner-column elementor-element elementor-element-9e80d6c\" data-id=\"9e80d6c\" data-element_type=\"column\">\n\t\t\t<div class=\"elementor-column-wrap elementor-element-populated\">\n\t\t\t\t\t\t\t<div class=\"elementor-widget-wrap\">\n\t\t\t\t\t\t<div class=\"elementor-element elementor-element-c84c529 elementor-widget elementor-widget-text-editor\" data-id=\"c84c529\" data-element_type=\"widget\" data-widget_type=\"text-editor.default\">\n\t\t\t\t<div class=\"elementor-widget-container\">\n\t\t\t\t\t<div class=\"elementor-text-editor elementor-clearfix\"><p>Per i maschietti, il bavaglio a bandana \u00e8 una ottima idea regalo. Realizzato in cotone e morbido jersey, oltre alla sua funzionalit\u00e0 da bavetta diventa un piacevole accessorio; si chiude sempre con bottoni automatici ed inoltre, per renderlo ancora pi\u00f9 un accessorio unico e alla moda, si possono ricamare le proprie iniziali. Insomma, un piccolo oggetto per ometti super chic!<\/p><\/div>\n\t\t\t\t<\/div>\n\t\t\t\t<\/div>\n\t\t\t\t\t\t<\/div>\n\t\t\t\t\t<\/div>\n\t\t<\/div>\n\t\t\t\t\t\t\t\t<\/div>\n\t\t\t\t\t<\/div>\n\t\t<\/section>\n\t\t\t\t\t\t<\/div>\n\t\t\t\t\t<\/div>\n\t\t<\/div>\n\t\t\t\t\t\t\t\t<\/div>\n\t\t\t\t\t<\/div>\n\t\t<\/section>\n\t\t\t\t<section class=\"elementor-section elementor-top-section elementor-element elementor-element-7b07803 elementor-section-boxed elementor-section-height-default elementor-section-height-default\" data-id=\"7b07803\" data-element_type=\"section\">\n\t\t\t\t\t\t<div class=\"elementor-container elementor-column-gap-default\">\n\t\t\t\t\t\t\t<div class=\"elementor-row\">\n\t\t\t\t\t<div class=\"elementor-column elementor-col-100 elementor-top-column elementor-element elementor-element-a31c488\" data-id=\"a31c488\" data-element_type=\"column\">\n\t\t\t<div class=\"elementor-column-wrap elementor-element-populated\">\n\t\t\t\t\t\t\t<div class=\"elementor-widget-wrap\">\n\t\t\t\t\t\t<div class=\"elementor-element elementor-element-643723b elementor-widget elementor-widget-image-gallery\" data-id=\"643723b\" data-element_type=\"widget\" data-widget_type=\"image-gallery.default\">\n\t\t\t\t<div class=\"elementor-widget-container\">\n\t\t\t\t\t<div class=\"elementor-image-gallery\">\n\t\t\t<div id='gallery-1' class='gallery galleryid-478 gallery-columns-4 gallery-size-medium'><figure class='gallery-item'>\r\n\t\t\t<div class='gallery-icon landscape'>\r\n\t\t\t\t<a data-elementor-open-lightbox=\"yes\" data-elementor-lightbox-slideshow=\"643723b\" data-elementor-lightbox-title=\"b9a976_d54e2c1a61104e759abf824852ce8ee3_mv2\" href='https:\/\/www.amelinecreation.com\/wp-content\/uploads\/2021\/01\/b9a976_d54e2c1a61104e759abf824852ce8ee3_mv2.jpg'><img width=\"300\" height=\"300\" src=\"https:\/\/www.amelinecreation.com\/wp-content\/uploads\/2021\/01\/b9a976_d54e2c1a61104e759abf824852ce8ee3_mv2-300x300.jpg\" class=\"attachment-medium size-medium\" alt=\"\" loading=\"lazy\" srcset=\"https:\/\/www.amelinecreation.com\/wp-content\/uploads\/2021\/01\/b9a976_d54e2c1a61104e759abf824852ce8ee3_mv2-300x300.jpg 300w, https:\/\/www.amelinecreation.com\/wp-content\/uploads\/2021\/01\/b9a976_d54e2c1a61104e759abf824852ce8ee3_mv2-1024x1024.jpg 1024w, https:\/\/www.amelinecreation.com\/wp-content\/uploads\/2021\/01\/b9a976_d54e2c1a61104e759abf824852ce8ee3_mv2-150x150.jpg 150w, https:\/\/www.amelinecreation.com\/wp-content\/uploads\/2021\/01\/b9a976_d54e2c1a61104e759abf824852ce8ee3_mv2-768x768.jpg 768w, https:\/\/www.amelinecreation.com\/wp-content\/uploads\/2021\/01\/b9a976_d54e2c1a61104e759abf824852ce8ee3_mv2.jpg 1200w\" sizes=\"(max-width: 300px) 100vw, 300px\" \/><\/a>\r\n\t\t\t<\/div><\/figure><figure class='gallery-item'>\r\n\t\t\t<div class='gallery-icon landscape'>\r\n\t\t\t\t<a data-elementor-open-lightbox=\"yes\" data-elementor-lightbox-slideshow=\"643723b\" data-elementor-lightbox-title=\"BAV04\" href='https:\/\/www.amelinecreation.com\/wp-content\/uploads\/2021\/01\/BAV04.jpg'><img width=\"300\" height=\"300\" src=\"https:\/\/www.amelinecreation.com\/wp-content\/uploads\/2021\/01\/BAV04-300x300.jpg\" class=\"attachment-medium size-medium\" alt=\"\" loading=\"lazy\" srcset=\"https:\/\/www.amelinecreation.com\/wp-content\/uploads\/2021\/01\/BAV04-300x300.jpg 300w, https:\/\/www.amelinecreation.com\/wp-content\/uploads\/2021\/01\/BAV04-1024x1024.jpg 1024w, https:\/\/www.amelinecreation.com\/wp-content\/uploads\/2021\/01\/BAV04-150x150.jpg 150w, https:\/\/www.amelinecreation.com\/wp-content\/uploads\/2021\/01\/BAV04-768x768.jpg 768w, https:\/\/www.amelinecreation.com\/wp-content\/uploads\/2021\/01\/BAV04.jpg 1200w\" sizes=\"(max-width: 300px) 100vw, 300px\" \/><\/a>\r\n\t\t\t<\/div><\/figure>\r\n\t\t<\/div>\n\t\t<\/div>\n\t\t\t\t<\/div>\n\t\t\t\t<\/div>\n\t\t\t\t\t\t<\/div>\n\t\t\t\t\t<\/div>\n\t\t<\/div>\n\t\t\t\t\t\t\t\t<\/div>\n\t\t\t\t\t<\/div>\n\t\t<\/section>\n\t\t\t\t\t\t<\/div>\n\t\t\t\t\t\t<\/div>\n\t\t\t\t\t<\/div>\n\t\t","protected":false},"excerpt":{"rendered":"<p>Bavetta &#8211; Bandana Per i maschietti, il bavaglio a bandana \u00e8 una ottima idea regalo. Realizzato in cotone e morbido jersey, oltre alla sua funzionalit\u00e0 da bavetta diventa un piacevole accessorio; si chiude sempre con bottoni automatici ed inoltre, per renderlo ancora pi\u00f9 un accessorio unico e alla moda, si possono ricamare le proprie iniziali. &hellip;<\/p>\n<p class=\"read-more\"> <a class=\"\" href=\"https:\/\/www.amelinecreation.com\/index.php\/bavette-bandana\/\"> <span class=\"screen-reader-text\">Bavetta &#8211; Bandana<\/span> Leggi altro &raquo;<\/a><\/p>\n","protected":false},"author":1,"featured_media":0,"parent":0,"menu_order":0,"comment_status":"closed","ping_status":"closed","template":"","meta":[],"_links":{"self":[{"href":"https:\/\/www.amelinecreation.com\/index.php\/wp-json\/wp\/v2\/pages\/478"}],"collection":[{"href":"https:\/\/www.amelinecreation.com\/index.php\/wp-json\/wp\/v2\/pages"}],"about":[{"href":"https:\/\/www.amelinecreation.com\/index.php\/wp-json\/wp\/v2\/types\/page"}],"author":[{"embeddable":true,"href":"https:\/\/www.amelinecreation.com\/index.php\/wp-json\/wp\/v2\/users\/1"}],"replies":[{"embeddable":true,"href":"https:\/\/www.amelinecreation.com\/index.php\/wp-json\/wp\/v2\/comments?post=478"}],"version-history":[{"count":21,"href":"https:\/\/www.amelinecreation.com\/index.php\/wp-json\/wp\/v2\/pages\/478\/revisions"}],"predecessor-version":[{"id":3103,"href":"https:\/\/www.amelinecreation.com\/index.php\/wp-json\/wp\/v2\/pages\/478\/revisions\/3103"}],"wp:attachment":[{"href":"https:\/\/www.amelinecreation.com\/index.php\/wp-json\/wp\/v2\/media?parent=478"}],"curies":[{"name":"wp","href":"https:\/\/api.w.org\/{rel}","templated":true}]}}